{"id":8412,"date":"2022-06-26T15:31:29","date_gmt":"2022-06-26T15:31:29","guid":{"rendered":"http:\/\/localhost\/gazolin\/?page_id=8412"},"modified":"2024-08-29T11:35:31","modified_gmt":"2024-08-29T09:35:31","slug":"azienda","status":"publish","type":"page","link":"https:\/\/mondini.com\/en\/azienda\/","title":{"rendered":"Azienda"},"content":{"rendered":"<div data-elementor-type=\"wp-page\" data-elementor-id=\"8412\" class=\"elementor elementor-8412\">\n\t\t\t\t<div class=\"elementor-element elementor-element-b4279a0 e-flex e-con-boxed e-con e-parent\" data-id=\"b4279a0\" data-element_type=\"container\">\n\t\t\t\t\t<div class=\"e-con-inner\">\n\t\t\t\t<div class=\"elementor-element elementor-element-6e6d8f0 elementor-widget elementor-widget-html\" data-id=\"6e6d8f0\" data-element_type=\"widget\" data-widget_type=\"html.default\">\n\t\t\t\t<div class=\"elementor-widget-container\">\n\t\t\t<style>\n    .site-content{\n\tpadding-bottom:0px!important;\n}\n    \n<\/style>\t\t<\/div>\n\t\t\t\t<\/div>\n\t\t\t\t\t<\/div>\n\t\t\t\t<\/div>\n\t\t        <section class=\"elementor-section elementor-top-section elementor-element elementor-element-8958cb1 elementor-section-boxed elementor-section-height-default elementor-section-height-default ct-header-fixed-none ct-column-none ct-row-scroll-none\" data-id=\"8958cb1\" data-element_type=\"section\">\n            \n                        <div class=\"elementor-container elementor-column-gap-default\">\n                    <div class=\"elementor-column elementor-col-50 elementor-top-column elementor-element elementor-element-a0102be ct-column-none\" data-id=\"a0102be\" data-element_type=\"column\">\n        <div class=\"elementor-widget-wrap elementor-element-populated\">\n                    \n        \t\t<div class=\"elementor-element elementor-element-d89c4de elementor-widget elementor-widget-ct_heading\" data-id=\"d89c4de\" data-element_type=\"widget\" data-widget_type=\"ct_heading.default\">\n\t\t\t\t<div class=\"elementor-widget-container\">\n\t\t\t<div class=\"ct-heading h-align- item-st-default\">\r\n\t\t\t<div class=\"item--sub-title style-1\">\r\n            <span>\r\n                MONDINI CAVI            <\/span>\r\n        <\/div>\r\n\t    <h3 class=\"item--title case-animate-time st-default\" data-wow-delay=\"ms\">\r\n        <span class=\"slide-in-container\"><span class=\"d-inline-block wow case-fade-in-up\">La<\/span><\/span> <span class=\"slide-in-container\"><span class=\"d-inline-block wow case-fade-in-up\">Storia<\/span><\/span>    <\/h3>\r\n<\/div>\r\n\r\n\t\t<\/div>\n\t\t\t\t<\/div>\n\t\t\t\t<div class=\"elementor-element elementor-element-23567ab elementor-widget elementor-widget-ct_text_editor\" data-id=\"23567ab\" data-element_type=\"widget\" data-widget_type=\"ct_text_editor.default\">\n\t\t\t\t<div class=\"elementor-widget-container\">\n\t\t\t<div id=\"ct_text_editor-23567ab\" class=\"ct-text-editor\" data-wow-delay=\"ms\">\n\t<div class=\"ct-inline-css\"  data-css=\"        \t\t\">\n\n    <\/div>\n\t<div class=\"ct-text-editor elementor-clearfix\">\n\t\t<p>Una storia operosa e serena, come la citt\u00e0 di Caprino Veronese, la ridente localit\u00e0 pedemontana che dai primi anni Settanta ci ospita. Da quella prima sede, proprio nel centro di Caprino, a met\u00e0 degli anni \u201870 abbiamo trasferito gli uffici e gli stabilimenti nella nuova zona industriale, pi\u00f9 adatta ad accogliere nuovi progetti di crescita.<\/p><p>In un\u2019iniziale area coperta di 5.500 m2, abbiamo realizzato uno dei primi impianti completamente automatizzati per la trafilatura del rame. La nuova ala di 3.000 mq, costruita una decina di anni pi\u00f9 tardi, si \u00e8 resa necessaria per ampliare il magazzino dei prodotti finiti, il reparto confezionamento e il laboratorio prove e collaudi.<\/p><p>Da ultimo, nel decennio successivo, la costruzione di un nuovo fabbricato ci ha permesso l\u2019inserimento delle linee di vulcanizzazione per la produzione dei cavi isolati in gomma. Nello stesso periodo abbiamo inserito anche l\u2019impianto di granulazione del PVC, per rendere indipendente e automatizzare l\u2019alimentazione degli impianti di estrusione dei rivestimenti plastici.<\/p>\t\t\n\t<\/div>\n<\/div>\t\t<\/div>\n\t\t\t\t<\/div>\n\t\t            <\/div>\n        <\/div>\n                <div class=\"elementor-column elementor-col-50 elementor-top-column elementor-element elementor-element-ebafb04 ct-column-none\" data-id=\"ebafb04\" data-element_type=\"column\">\n        <div class=\"elementor-widget-wrap elementor-element-populated\">\n                    \n        \t\t<div class=\"elementor-element elementor-element-00878af elementor-widget elementor-widget-ct_image\" data-id=\"00878af\" data-element_type=\"widget\" data-widget_type=\"ct_image.default\">\n\t\t\t\t<div class=\"elementor-widget-container\">\n\t\t\t<div class=\"ct-image-single style2   wow fadeIn\" data-width=\"\" data-height=\"\">\r\n                        <img fetchpriority=\"high\" decoding=\"async\" width=\"640\" height=\"800\" src=\"https:\/\/mondini.com\/wp-content\/uploads\/2024\/08\/Mondini-100923-640x800-1.jpg\" class=\"attachment-full\" alt=\"\" \/>            <\/div>\t\t<\/div>\n\t\t\t\t<\/div>\n\t\t            <\/div>\n        <\/div>\n                    <\/div>\n        <\/section>\n                <section class=\"elementor-section elementor-top-section elementor-element elementor-element-d40607b elementor-section-boxed elementor-section-height-default elementor-section-height-default ct-header-fixed-none ct-column-none ct-row-scroll-none\" data-id=\"d40607b\" data-element_type=\"section\">\n            \n                        <div class=\"elementor-container elementor-column-gap-default\">\n                    <div class=\"elementor-column elementor-col-50 elementor-top-column elementor-element elementor-element-f8ad4e1 ct-column-none\" data-id=\"f8ad4e1\" data-element_type=\"column\">\n        <div class=\"elementor-widget-wrap elementor-element-populated\">\n                    \n        \t\t<div class=\"elementor-element elementor-element-9184751 elementor-widget elementor-widget-ct_image\" data-id=\"9184751\" data-element_type=\"widget\" data-widget_type=\"ct_image.default\">\n\t\t\t\t<div class=\"elementor-widget-container\">\n\t\t\t<div class=\"ct-image-single style2   wow fadeIn\" data-width=\"\" data-height=\"\">\r\n                        <img decoding=\"async\" width=\"640\" height=\"480\" src=\"https:\/\/mondini.com\/wp-content\/uploads\/2024\/08\/meb-2021-640x480-1.jpg\" class=\"attachment-full\" alt=\"\" \/>            <\/div>\t\t<\/div>\n\t\t\t\t<\/div>\n\t\t            <\/div>\n        <\/div>\n                <div class=\"elementor-column elementor-col-50 elementor-top-column elementor-element elementor-element-f45ab0c ct-column-none\" data-id=\"f45ab0c\" data-element_type=\"column\">\n        <div class=\"elementor-widget-wrap elementor-element-populated\">\n                    \n        \t\t<div class=\"elementor-element elementor-element-e6ec538 elementor-widget elementor-widget-ct_heading\" data-id=\"e6ec538\" data-element_type=\"widget\" data-widget_type=\"ct_heading.default\">\n\t\t\t\t<div class=\"elementor-widget-container\">\n\t\t\t<div class=\"ct-heading h-align- item-st-default\">\r\n\t    <h3 class=\"item--title case-animate-time st-default\" data-wow-delay=\"ms\">\r\n        <span class=\"slide-in-container\"><span class=\"d-inline-block wow case-fade-in-up\">Impegno<\/span><\/span> <span class=\"slide-in-container\"><span class=\"d-inline-block wow case-fade-in-up\">e<\/span><\/span> <span class=\"slide-in-container\"><span class=\"d-inline-block wow case-fade-in-up\">Responsabilit\u00e0<\/span><\/span>    <\/h3>\r\n<\/div>\r\n\r\n\t\t<\/div>\n\t\t\t\t<\/div>\n\t\t\t\t<div class=\"elementor-element elementor-element-163854d elementor-widget elementor-widget-ct_text_editor\" data-id=\"163854d\" data-element_type=\"widget\" data-widget_type=\"ct_text_editor.default\">\n\t\t\t\t<div class=\"elementor-widget-container\">\n\t\t\t<div id=\"ct_text_editor-163854d\" class=\"ct-text-editor\" data-wow-delay=\"ms\">\n\t<div class=\"ct-inline-css\"  data-css=\"        \t\t\">\n\n    <\/div>\n\t<div class=\"ct-text-editor elementor-clearfix\">\n\t\t<p>Da sempre, abbiamo impostato i rapporti con i Clienti, con i fornitori esterni e con la nostra forza lavoro nel pieno rispetto di un implicito codice di comportamento ispirato alla massima chiarezza, all\u2019onest\u00e0 degli intenti e al rispetto delle leggi vigenti nei paesi ove opera la Societ\u00e0.<\/p><p>Lo stesso codice etico \u2013 anche se non esplicitato formalmente \u2013 \u00e8 sempre stato applicato da noi sia nelle relazioni con ogni figura professionale che si trovasse a interagire con Mondini Cavi, sia nei rapporti con le amministrazioni locali.<\/p><p>La naturale e logica conseguenza \u00e8 stata l\u2019adozione di un Codice Etico formale, reale strumento operativo e di limpida trasparenza formale.<\/p><p>In questo nostro codice, i punti chiave sono: le risorse umane, l\u2019ambiente e la sicurezza, la privacy, la tutela della concorrenza, il conflitto d\u2019interessi, la contabilit\u00e0, i rapporti con le pubbliche amministrazioni e il rapporto con i fornitori.<\/p>\t\t\n\t<\/div>\n<\/div>\t\t<\/div>\n\t\t\t\t<\/div>\n\t\t            <\/div>\n        <\/div>\n                    <\/div>\n        <\/section>\n                <section class=\"elementor-section elementor-top-section elementor-element elementor-element-5bd9310 elementor-section-stretched elementor-section-boxed elementor-section-height-default elementor-section-height-default ct-header-fixed-none ct-column-none ct-row-scroll-none\" data-id=\"5bd9310\" data-element_type=\"section\" data-settings=\"{&quot;stretch_section&quot;:&quot;section-stretched&quot;,&quot;background_background&quot;:&quot;classic&quot;}\">\n            \n                        <div class=\"elementor-container elementor-column-gap-extended\">\n                    <div class=\"elementor-column elementor-col-100 elementor-top-column elementor-element elementor-element-2f25b4b ct-column-none\" data-id=\"2f25b4b\" data-element_type=\"column\">\n        <div class=\"elementor-widget-wrap elementor-element-populated\">\n                    \n                <section class=\"elementor-section elementor-inner-section elementor-element elementor-element-bcfc5b9 elementor-section-boxed elementor-section-height-default elementor-section-height-default ct-header-fixed-none ct-column-none ct-row-scroll-none\" data-id=\"bcfc5b9\" data-element_type=\"section\" data-settings=\"{&quot;background_background&quot;:&quot;classic&quot;}\">\n            \n                        <div class=\"elementor-container elementor-column-gap-default\">\n                    <div class=\"elementor-column elementor-col-50 elementor-inner-column elementor-element elementor-element-5174a58 ct-column-none\" data-id=\"5174a58\" data-element_type=\"column\">\n        <div class=\"elementor-widget-wrap elementor-element-populated\">\n                    \n        \t\t<div class=\"elementor-element elementor-element-e4fe4a1 elementor-widget elementor-widget-ct_heading\" data-id=\"e4fe4a1\" data-element_type=\"widget\" data-widget_type=\"ct_heading.default\">\n\t\t\t\t<div class=\"elementor-widget-container\">\n\t\t\t<div class=\"ct-heading h-align- item-st-default\">\r\n\t\t\t<div class=\"item--sub-title style-2\">\r\n            <span>\r\n                COSA PRODUCIAMO            <\/span>\r\n        <\/div>\r\n\t    <h3 class=\"item--title case-animate-time st-default\" data-wow-delay=\"ms\">\r\n        <span class=\"slide-in-container\"><span class=\"d-inline-block wow case-fade-in-up\">Il<\/span><\/span> <span class=\"slide-in-container\"><span class=\"d-inline-block wow case-fade-in-up\">nostro<\/span><\/span> <span class=\"slide-in-container\"><span class=\"d-inline-block wow case-fade-in-up\">catalogo<\/span><\/span>    <\/h3>\r\n<\/div>\r\n\r\n\t\t<\/div>\n\t\t\t\t<\/div>\n\t\t            <\/div>\n        <\/div>\n                <div class=\"elementor-column elementor-col-50 elementor-inner-column elementor-element elementor-element-0728e76 ct-column-none\" data-id=\"0728e76\" data-element_type=\"column\">\n        <div class=\"elementor-widget-wrap\">\n                    \n                    <\/div>\n        <\/div>\n                    <\/div>\n        <\/section>\n        \t\t<div class=\"elementor-element elementor-element-163277e elementor-widget elementor-widget-ct_service_grid\" data-id=\"163277e\" data-element_type=\"widget\" data-widget_type=\"ct_service_grid.default\">\n\t\t\t\t<div class=\"elementor-widget-container\">\n\t\t\t\r\n<div id=\"ct_service_grid-163277e\" class=\"ct-grid ct-service-grid3 ct-grid-direction\" data-layout=\"masonry\" data-start-page=\"1\" data-max-pages=\"1\" data-total=\"6\" data-perpage=\"6\" data-next-link=\"\">\r\n    \r\n    <div class=\"ct-grid-inner ct-grid-masonry row animation-time\" data-gutter=\"15\">\r\n                        <div class=\"grid-item col-xl-4 col-lg-4 col-md-6 col-sm-6 col-12\">\r\n                    <div class=\"grid-item-inner active\">\r\n                        <div class=\"item-direction\">\r\n                            <div class=\"item-body\">\r\n                                                                                                    <div class=\"item-icon\">\r\n                                        <img decoding=\"async\" width=\"45\" height=\"45\" src=\"https:\/\/mondini.com\/wp-content\/uploads\/2022\/06\/icons8-fumo-45.png\" class=\"attachment-full\" alt=\"\" \/>                                    <\/div>\r\n                                                                                                <div class=\"item-content\">\r\n                                                                            <h3 class=\"item--title\"><a href=\"https:\/\/mondini.com\/en\/service\/bridge-constraction-2\/\">Cavi conformi CPR<\/a><\/h3>\r\n                                                                                                                <div class=\"item-except\">\r\n                                            Limitanti la produzione di fuoco e di fumo rispondenti al Regolamento Prodotti da Costruzione.                                        <\/div>\r\n                                                                                                                <div class=\"item-readmore\">\r\n                                            <a class=\"btn-readmore\" href=\"https:\/\/mondini.com\/en\/service\/bridge-constraction-2\/\">\r\n                                                <span>\r\n                                                    Scopri di pi\u00f9                                                <\/span>\r\n                                            <\/a>\r\n                                        <\/div>\r\n                                                                    <\/div>\r\n                                                            <\/div>\r\n                        <\/div>\r\n                    <\/div>\r\n                <\/div>\r\n                                <div class=\"grid-item col-xl-4 col-lg-4 col-md-6 col-sm-6 col-12\">\r\n                    <div class=\"grid-item-inner\">\r\n                        <div class=\"item-direction\">\r\n                            <div class=\"item-body\">\r\n                                                                                                    <div class=\"item-icon\">\r\n                                        <img loading=\"lazy\" decoding=\"async\" width=\"45\" height=\"45\" src=\"https:\/\/mondini.com\/wp-content\/uploads\/2022\/06\/icons8-wires-45.png\" class=\"attachment-full\" alt=\"\" \/>                                    <\/div>\r\n                                                                                                <div class=\"item-content\">\r\n                                                                            <h3 class=\"item--title\"><a href=\"https:\/\/mondini.com\/en\/service\/petroleum-gas-energy-2\/\">Cavi Nazionali<\/a><\/h3>\r\n                                                                                                                <div class=\"item-except\">\r\n                                            Cavi per segnalamento ed energia con particolari caratteristiche di reazione al fuoco e rispondenti&hellip;                                        <\/div>\r\n                                                                                                                <div class=\"item-readmore\">\r\n                                            <a class=\"btn-readmore\" href=\"https:\/\/mondini.com\/en\/service\/petroleum-gas-energy-2\/\">\r\n                                                <span>\r\n                                                    Scopri di pi\u00f9                                                <\/span>\r\n                                            <\/a>\r\n                                        <\/div>\r\n                                                                    <\/div>\r\n                                                            <\/div>\r\n                        <\/div>\r\n                    <\/div>\r\n                <\/div>\r\n                                <div class=\"grid-item col-xl-4 col-lg-4 col-md-6 col-sm-6 col-12\">\r\n                    <div class=\"grid-item-inner\">\r\n                        <div class=\"item-direction\">\r\n                            <div class=\"item-body\">\r\n                                                                                                    <div class=\"item-icon\">\r\n                                        <img loading=\"lazy\" decoding=\"async\" width=\"45\" height=\"45\" src=\"https:\/\/mondini.com\/wp-content\/uploads\/2022\/06\/icons8-esportare-45.png\" class=\"attachment-full\" alt=\"\" \/>                                    <\/div>\r\n                                                                                                <div class=\"item-content\">\r\n                                                                            <h3 class=\"item--title\"><a href=\"https:\/\/mondini.com\/en\/service\/automatic-facture\/\">Cavi Export<\/a><\/h3>\r\n                                                                                                                <div class=\"item-except\">\r\n                                            Cavi unipolari e multipolari flessibili, resistenti al calore o per basse temperature.                                        <\/div>\r\n                                                                                                                <div class=\"item-readmore\">\r\n                                            <a class=\"btn-readmore\" href=\"https:\/\/mondini.com\/en\/service\/automatic-facture\/\">\r\n                                                <span>\r\n                                                    Scopri di pi\u00f9                                                <\/span>\r\n                                            <\/a>\r\n                                        <\/div>\r\n                                                                    <\/div>\r\n                                                            <\/div>\r\n                        <\/div>\r\n                    <\/div>\r\n                <\/div>\r\n                                <div class=\"grid-item col-xl-4 col-lg-4 col-md-6 col-sm-6 col-12\">\r\n                    <div class=\"grid-item-inner\">\r\n                        <div class=\"item-direction\">\r\n                            <div class=\"item-body\">\r\n                                                                                                    <div class=\"item-icon\">\r\n                                        <img loading=\"lazy\" decoding=\"async\" width=\"45\" height=\"45\" src=\"https:\/\/mondini.com\/wp-content\/uploads\/2022\/06\/icons8-materassino-da-campeggio-45.png\" class=\"attachment-full\" alt=\"\" \/>                                    <\/div>\r\n                                                                                                <div class=\"item-content\">\r\n                                                                            <h3 class=\"item--title\"><a href=\"https:\/\/mondini.com\/en\/service\/mechanical-enginer\/\">Cavi a norme Enel-Terna<\/a><\/h3>\r\n                                                                                                                <div class=\"item-except\">\r\n                                            Cavi di strumentazione o per impianti, schermanti, isolati e non propaganti l\u2019incendio.                                        <\/div>\r\n                                                                                                                <div class=\"item-readmore\">\r\n                                            <a class=\"btn-readmore\" href=\"https:\/\/mondini.com\/en\/service\/mechanical-enginer\/\">\r\n                                                <span>\r\n                                                    Scopri di pi\u00f9                                                <\/span>\r\n                                            <\/a>\r\n                                        <\/div>\r\n                                                                    <\/div>\r\n                                                            <\/div>\r\n                        <\/div>\r\n                    <\/div>\r\n                <\/div>\r\n                                <div class=\"grid-item col-xl-4 col-lg-4 col-md-6 col-sm-6 col-12\">\r\n                    <div class=\"grid-item-inner\">\r\n                        <div class=\"item-direction\">\r\n                            <div class=\"item-body\">\r\n                                                                                                    <div class=\"item-icon\">\r\n                                        <img loading=\"lazy\" decoding=\"async\" width=\"45\" height=\"45\" src=\"https:\/\/mondini.com\/wp-content\/uploads\/2022\/06\/icons8-treno-ad-alta-velocita-45.png\" class=\"attachment-full\" alt=\"\" \/>                                    <\/div>\r\n                                                                                                <div class=\"item-content\">\r\n                                                                            <h3 class=\"item--title\"><a href=\"https:\/\/mondini.com\/en\/service\/basic-industrial\/\">Cavi a norme Ferroviarie<\/a><\/h3>\r\n                                                                                                                <div class=\"item-except\">\r\n                                            Cavi unipolari e multipolari, rigidi o flessibili, esenti da alogeni, per applicazioni ferroviarie.                                        <\/div>\r\n                                                                                                                <div class=\"item-readmore\">\r\n                                            <a class=\"btn-readmore\" href=\"https:\/\/mondini.com\/en\/service\/basic-industrial\/\">\r\n                                                <span>\r\n                                                    Scopri di pi\u00f9                                                <\/span>\r\n                                            <\/a>\r\n                                        <\/div>\r\n                                                                    <\/div>\r\n                                                            <\/div>\r\n                        <\/div>\r\n                    <\/div>\r\n                <\/div>\r\n                                <div class=\"grid-item col-xl-4 col-lg-4 col-md-6 col-sm-6 col-12\">\r\n                    <div class=\"grid-item-inner\">\r\n                        <div class=\"item-direction\">\r\n                            <div class=\"item-body\">\r\n                                                                                                    <div class=\"item-icon\">\r\n                                        <img loading=\"lazy\" decoding=\"async\" width=\"45\" height=\"45\" src=\"https:\/\/mondini.com\/wp-content\/uploads\/2022\/06\/icons8-rilascio-del-cavo-45.png\" class=\"attachment-full\" alt=\"\" \/>                                    <\/div>\r\n                                                                                                <div class=\"item-content\">\r\n                                                                            <h3 class=\"item--title\"><a href=\"https:\/\/mondini.com\/en\/service\/constraction-enginer\/\">Cavi Armonizzati<\/a><\/h3>\r\n                                                                                                                <div class=\"item-except\">\r\n                                            Cavi unipolari e multipolari, normali o piatti, rigidi o flessibili.                                        <\/div>\r\n                                                                                                                <div class=\"item-readmore\">\r\n                                            <a class=\"btn-readmore\" href=\"https:\/\/mondini.com\/en\/service\/constraction-enginer\/\">\r\n                                                <span>\r\n                                                    Scopri di pi\u00f9                                                <\/span>\r\n                                            <\/a>\r\n                                        <\/div>\r\n                                                                    <\/div>\r\n                                                            <\/div>\r\n                        <\/div>\r\n                    <\/div>\r\n                <\/div>\r\n                                    <div class=\"grid-sizer col-xl-4 col-lg-4 col-md-6 col-sm-6 col-12\"><\/div>\r\n            <\/div>\r\n        <\/div>\t\t<\/div>\n\t\t\t\t<\/div>\n\t\t            <\/div>\n        <\/div>\n                    <\/div>\n        <\/section>\n        \t\t<\/div>","protected":false},"excerpt":{"rendered":"<p>MONDINI CAVI La Storia Una storia operosa e serena, come la citt\u00e0 di Caprino Veronese, la ridente localit\u00e0 pedemontana che dai primi anni Settanta ci ospita. Da quella prima sede, proprio nel centro di Caprino, a met\u00e0 degli anni \u201870 abbiamo trasferito gli uffici e gli stabilimenti nella nuova zona industriale, pi\u00f9 adatta ad accogliere [&hellip;]<\/p>","protected":false},"author":1,"featured_media":0,"parent":0,"menu_order":0,"comment_status":"closed","ping_status":"closed","template":"","meta":{"_monsterinsights_skip_tracking":false,"_monsterinsights_sitenote_active":false,"_monsterinsights_sitenote_note":"","_monsterinsights_sitenote_category":0,"footnotes":""},"class_list":["post-8412","page","type-page","status-publish","hentry"],"_links":{"self":[{"href":"https:\/\/mondini.com\/en\/wp-json\/wp\/v2\/pages\/8412","targetHints":{"allow":["GET"]}}],"collection":[{"href":"https:\/\/mondini.com\/en\/wp-json\/wp\/v2\/pages"}],"about":[{"href":"https:\/\/mondini.com\/en\/wp-json\/wp\/v2\/types\/page"}],"author":[{"embeddable":true,"href":"https:\/\/mondini.com\/en\/wp-json\/wp\/v2\/users\/1"}],"replies":[{"embeddable":true,"href":"https:\/\/mondini.com\/en\/wp-json\/wp\/v2\/comments?post=8412"}],"version-history":[{"count":19,"href":"https:\/\/mondini.com\/en\/wp-json\/wp\/v2\/pages\/8412\/revisions"}],"predecessor-version":[{"id":9176,"href":"https:\/\/mondini.com\/en\/wp-json\/wp\/v2\/pages\/8412\/revisions\/9176"}],"wp:attachment":[{"href":"https:\/\/mondini.com\/en\/wp-json\/wp\/v2\/media?parent=8412"}],"curies":[{"name":"wp","href":"https:\/\/api.w.org\/{rel}","templated":true}]}}